{"id":519,"date":"2021-12-12T05:33:24","date_gmt":"2021-12-12T05:33:24","guid":{"rendered":"https:\/\/demosites.royal-elementor-addons.com\/construction-v1\/?page_id=94"},"modified":"2024-01-27T17:41:52","modified_gmt":"2024-01-27T21:41:52","slug":"about","status":"publish","type":"page","link":"https:\/\/conconfilm.cl\/?page_id=519","title":{"rendered":"About"},"content":{"rendered":"\t\t<div data-elementor-type=\"wp-page\" data-elementor-id=\"519\" class=\"elementor elementor-519\">\n\t\t\t\t\t\t\t\t\t<section class=\"wpr-jarallax elementor-section elementor-top-section elementor-element elementor-element-3730ef01 elementor-section-height-min-height elementor-section-content-middle wpr-jarallax-yes elementor-section-boxed elementor-section-height-default elementor-section-items-middle wpr-particle-no wpr-parallax-no wpr-sticky-section-no\" speed-data=\"1.4\" bg-image=\"https:\/\/conconfilm.cl\/wp2023\/wp-content\/plugins\/elementor\/assets\/images\/placeholder.png\" scroll-effect=\"scroll\" data-id=\"3730ef01\" data-element_type=\"section\" data-settings=\"{&quot;background_background&quot;:&quot;classic&quot;}\">\n\t\t\t\t\t\t\t<div class=\"elementor-background-overlay\"><\/div>\n\t\t\t\t\t\t\t<div class=\"elementor-container elementor-column-gap-default\">\n\t\t\t\t\t<div class=\"elementor-column elementor-col-100 elementor-top-column elementor-element elementor-element-3271a306\" data-id=\"3271a306\" data-element_type=\"column\">\n\t\t\t<div class=\"elementor-widget-wrap elementor-element-populated\">\n\t\t\t\t\t\t\t\t<div class=\"elementor-element elementor-element-1c18478e elementor-widget elementor-widget-heading\" data-id=\"1c18478e\" data-element_type=\"widget\" data-widget_type=\"heading.default\">\n\t\t\t\t<div class=\"elementor-widget-container\">\n\t\t\t<style>\/*! elementor - v3.13.2 - 11-05-2023 *\/\n.elementor-heading-title{padding:0;margin:0;line-height:1}.elementor-widget-heading .elementor-heading-title[class*=elementor-size-]>a{color:inherit;font-size:inherit;line-height:inherit}.elementor-widget-heading .elementor-heading-title.elementor-size-small{font-size:15px}.elementor-widget-heading .elementor-heading-title.elementor-size-medium{font-size:19px}.elementor-widget-heading .elementor-heading-title.elementor-size-large{font-size:29px}.elementor-widget-heading .elementor-heading-title.elementor-size-xl{font-size:39px}.elementor-widget-heading .elementor-heading-title.elementor-size-xxl{font-size:59px}<\/style><h2 class=\"elementor-heading-title elementor-size-default\">Quienes somos<\/h2>\t\t<\/div>\n\t\t\t\t<\/div>\n\t\t\t\t\t<\/div>\n\t\t<\/div>\n\t\t\t\t\t\t\t<\/div>\n\t\t<\/section>\n\t\t\t\t<section class=\"elementor-section elementor-top-section elementor-element elementor-element-daa9dc5 elementor-section-boxed elementor-section-height-default elementor-section-height-default wpr-particle-no wpr-jarallax-no wpr-parallax-no wpr-sticky-section-no\" data-id=\"daa9dc5\" data-element_type=\"section\">\n\t\t\t\t\t\t<div class=\"elementor-container elementor-column-gap-default\">\n\t\t\t\t\t<div class=\"elementor-column elementor-col-50 elementor-top-column elementor-element elementor-element-98a2f88\" data-id=\"98a2f88\" data-element_type=\"column\">\n\t\t\t<div class=\"elementor-widget-wrap elementor-element-populated\">\n\t\t\t\t\t\t\t\t<div class=\"elementor-element elementor-element-92d2d65 elementor-widget elementor-widget-text-editor\" data-id=\"92d2d65\" data-element_type=\"widget\" data-widget_type=\"text-editor.default\">\n\t\t\t\t<div class=\"elementor-widget-container\">\n\t\t\t<style>\/*! elementor - v3.13.2 - 11-05-2023 *\/\n.elementor-widget-text-editor.elementor-drop-cap-view-stacked .elementor-drop-cap{background-color:#69727d;color:#fff}.elementor-widget-text-editor.elementor-drop-cap-view-framed .elementor-drop-cap{color:#69727d;border:3px solid;background-color:transparent}.elementor-widget-text-editor:not(.elementor-drop-cap-view-default) .elementor-drop-cap{margin-top:8px}.elementor-widget-text-editor:not(.elementor-drop-cap-view-default) .elementor-drop-cap-letter{width:1em;height:1em}.elementor-widget-text-editor .elementor-drop-cap{float:left;text-align:center;line-height:1;font-size:50px}.elementor-widget-text-editor .elementor-drop-cap-letter{display:inline-block}<\/style>\t\t\t\t<p>En Conconfilm creamos relatos que \u00a0conmueven y transmiten conocimientos a audiencias generales.<\/p><p>Utilizamos t\u00e9cnicas audiovisuales, de ilustraci\u00f3n, animaci\u00f3n, dise\u00f1o, m\u00fasica y edici\u00f3n de textos para contar historias que capturen la atenci\u00f3n de los espectadores y permitan comprender la complejidad <span style=\"letter-spacing: 0.2px;\">del planeta donde habitamos, las interrelaciones entre los seres vivos y su entorno, as\u00ed como la trama que une las formas de vida, incluyendo la humana, y su dependencia mutua para la supervivencia y bienestar.<\/span><\/p><p data-pm-slice=\"1 1 []\">Comunicamos proyectos y trabajos que desaf\u00edan los l\u00edmites generando cambios sostenibles en los territorios, en las pr\u00e1cticas bioculturales -econ\u00f3micas, pol\u00edticas, sociales, conductuales- de comunidades, personas y audiencias para la conservaci\u00f3n de las especies y sociedad.<\/p><p>Nos involucramos en proyectos que informan, sensibilizan y promueven\u00a0 conocimientos o acciones de cambio.<\/p>\t\t\t\t\t\t<\/div>\n\t\t\t\t<\/div>\n\t\t\t\t\t<\/div>\n\t\t<\/div>\n\t\t\t\t<div class=\"elementor-column elementor-col-50 elementor-top-column elementor-element elementor-element-82af65c\" data-id=\"82af65c\" data-element_type=\"column\">\n\t\t\t<div class=\"elementor-widget-wrap elementor-element-populated\">\n\t\t\t\t\t\t\t\t<div class=\"elementor-element elementor-element-152c048 elementor-widget elementor-widget-image\" data-id=\"152c048\" data-element_type=\"widget\" data-widget_type=\"image.default\">\n\t\t\t\t<div class=\"elementor-widget-container\">\n\t\t\t<style>\/*! elementor - v3.13.2 - 11-05-2023 *\/\n.elementor-widget-image{text-align:center}.elementor-widget-image a{display:inline-block}.elementor-widget-image a img[src$=\".svg\"]{width:48px}.elementor-widget-image img{vertical-align:middle;display:inline-block}<\/style>\t\t\t\t\t\t\t\t\t\t\t\t<img loading=\"lazy\" decoding=\"async\" width=\"960\" height=\"540\" src=\"https:\/\/conconfilm.cl\/wp2023\/wp-content\/uploads\/2023\/03\/foto17-1920x1080-1-1024x576.jpg\" class=\"attachment-large size-large wp-image-20\" alt=\"\" srcset=\"https:\/\/conconfilm.cl\/wp2023\/wp-content\/uploads\/2023\/03\/foto17-1920x1080-1-1024x576.jpg 1024w, https:\/\/conconfilm.cl\/wp2023\/wp-content\/uploads\/2023\/03\/foto17-1920x1080-1-300x169.jpg 300w, https:\/\/conconfilm.cl\/wp2023\/wp-content\/uploads\/2023\/03\/foto17-1920x1080-1-768x432.jpg 768w, https:\/\/conconfilm.cl\/wp2023\/wp-content\/uploads\/2023\/03\/foto17-1920x1080-1.jpg 1920w\" sizes=\"auto, (max-width: 960px) 100vw, 960px\" \/>\t\t\t\t\t\t\t\t\t\t\t\t\t\t\t<\/div>\n\t\t\t\t<\/div>\n\t\t\t\t\t<\/div>\n\t\t<\/div>\n\t\t\t\t\t\t\t<\/div>\n\t\t<\/section>\n\t\t\t\t<section class=\"elementor-section elementor-top-section elementor-element elementor-element-9222b4d elementor-section-content-middle elementor-section-boxed elementor-section-height-default elementor-section-height-default wpr-particle-no wpr-jarallax-no wpr-parallax-no wpr-sticky-section-no\" data-id=\"9222b4d\" data-element_type=\"section\">\n\t\t\t\t\t\t\t<div class=\"elementor-background-overlay\"><\/div>\n\t\t\t\t\t\t\t<div class=\"elementor-container elementor-column-gap-default\">\n\t\t\t\t\t<div class=\"elementor-column elementor-col-100 elementor-top-column elementor-element elementor-element-42dabe1\" data-id=\"42dabe1\" data-element_type=\"column\">\n\t\t\t<div class=\"elementor-widget-wrap elementor-element-populated\">\n\t\t\t\t\t\t\t\t<div class=\"elementor-element elementor-element-98955fe elementor-widget elementor-widget-spacer\" data-id=\"98955fe\" data-element_type=\"widget\" data-widget_type=\"spacer.default\">\n\t\t\t\t<div class=\"elementor-widget-container\">\n\t\t\t<style>\/*! elementor - v3.13.2 - 11-05-2023 *\/\n.elementor-column .elementor-spacer-inner{height:var(--spacer-size)}.e-con{--container-widget-width:100%}.e-con-inner>.elementor-widget-spacer,.e-con>.elementor-widget-spacer{width:var(--container-widget-width,var(--spacer-size));--align-self:var(--container-widget-align-self,initial);--flex-shrink:0}.e-con-inner>.elementor-widget-spacer>.elementor-widget-container,.e-con-inner>.elementor-widget-spacer>.elementor-widget-container>.elementor-spacer,.e-con>.elementor-widget-spacer>.elementor-widget-container,.e-con>.elementor-widget-spacer>.elementor-widget-container>.elementor-spacer{height:100%}.e-con-inner>.elementor-widget-spacer>.elementor-widget-container>.elementor-spacer>.elementor-spacer-inner,.e-con>.elementor-widget-spacer>.elementor-widget-container>.elementor-spacer>.elementor-spacer-inner{height:var(--container-widget-height,var(--spacer-size))}<\/style>\t\t<div class=\"elementor-spacer\">\n\t\t\t<div class=\"elementor-spacer-inner\"><\/div>\n\t\t<\/div>\n\t\t\t\t<\/div>\n\t\t\t\t<\/div>\n\t\t\t\t<div class=\"elementor-element elementor-element-bd9023d elementor-position-top elementor-vertical-align-top elementor-widget elementor-widget-image-box\" data-id=\"bd9023d\" data-element_type=\"widget\" data-widget_type=\"image-box.default\">\n\t\t\t\t<div class=\"elementor-widget-container\">\n\t\t\t<style>\/*! elementor - v3.13.2 - 11-05-2023 *\/\n.elementor-widget-image-box .elementor-image-box-content{width:100%}@media (min-width:768px){.elementor-widget-image-box.elementor-position-left .elementor-image-box-wrapper,.elementor-widget-image-box.elementor-position-right .elementor-image-box-wrapper{display:flex}.elementor-widget-image-box.elementor-position-right .elementor-image-box-wrapper{text-align:right;flex-direction:row-reverse}.elementor-widget-image-box.elementor-position-left .elementor-image-box-wrapper{text-align:left;flex-direction:row}.elementor-widget-image-box.elementor-position-top .elementor-image-box-img{margin:auto}.elementor-widget-image-box.elementor-vertical-align-top .elementor-image-box-wrapper{align-items:flex-start}.elementor-widget-image-box.elementor-vertical-align-middle .elementor-image-box-wrapper{align-items:center}.elementor-widget-image-box.elementor-vertical-align-bottom .elementor-image-box-wrapper{align-items:flex-end}}@media (max-width:767px){.elementor-widget-image-box .elementor-image-box-img{margin-left:auto!important;margin-right:auto!important;margin-bottom:15px}}.elementor-widget-image-box .elementor-image-box-img{display:inline-block}.elementor-widget-image-box .elementor-image-box-title a{color:inherit}.elementor-widget-image-box .elementor-image-box-wrapper{text-align:center}.elementor-widget-image-box .elementor-image-box-description{margin:0}<\/style><div class=\"elementor-image-box-wrapper\"><figure class=\"elementor-image-box-img\"><img loading=\"lazy\" decoding=\"async\" width=\"1024\" height=\"768\" src=\"https:\/\/conconfilm.cl\/wp2023\/wp-content\/uploads\/2023\/05\/WhatsApp-Image-2023-05-15-at-20.39.27.jpeg\" class=\"attachment-full size-full wp-image-1797\" alt=\"\" srcset=\"https:\/\/conconfilm.cl\/wp2023\/wp-content\/uploads\/2023\/05\/WhatsApp-Image-2023-05-15-at-20.39.27.jpeg 1024w, https:\/\/conconfilm.cl\/wp2023\/wp-content\/uploads\/2023\/05\/WhatsApp-Image-2023-05-15-at-20.39.27-300x225.jpeg 300w, https:\/\/conconfilm.cl\/wp2023\/wp-content\/uploads\/2023\/05\/WhatsApp-Image-2023-05-15-at-20.39.27-768x576.jpeg 768w\" sizes=\"auto, (max-width: 1024px) 100vw, 1024px\" \/><\/figure><div class=\"elementor-image-box-content\"><h5 class=\"elementor-image-box-title\">Mariano Riveros Espi\u00f1eira, rEm0<\/h5><\/div><\/div>\t\t<\/div>\n\t\t\t\t<\/div>\n\t\t\t\t<div class=\"elementor-element elementor-element-51206b3 elementor-widget elementor-widget-text-editor\" data-id=\"51206b3\" data-element_type=\"widget\" data-widget_type=\"text-editor.default\">\n\t\t\t\t<div class=\"elementor-widget-container\">\n\t\t\t\t\t\t\t<p>Comunicador Audiovisual, Comunicador Social, Magister Comunicaci\u00f3n Pol\u00edtica. Documentalista, ha participado en una amplia variedad de proyectos de comunicaci\u00f3n estrat\u00e9gica, cine, televisi\u00f3n, web, publicaciones y gesti\u00f3n de pol\u00edticas p\u00fablicas en conservaci\u00f3n de la biodiversidad. Posee habilidades en el \u00e1rea de creaci\u00f3n de contenido de discursos, en la traducci\u00f3n l\u00f3gica de informaci\u00f3n compleja para integrar a mensajes clave y planes de comunicaci\u00f3n de instituciones, personas e investigaciones. As\u00ed tambi\u00e9n, en el \u00e1rea creativa como guionista, montajista, director e investigador de producciones audiovisuales.<\/p>\n<p>Posee una amplia historia en la realizaci\u00f3n documental; dirigi\u00f3 <strong>\u00abLas Momias de Chinchorro\u00bb<\/strong>, Premio \u00abPudu\u00bb Festival de Cine Valdivia 1996; guionista durante dos temporadas del programa de televisi\u00f3n <strong>\u00abZona Franca\u00bb<\/strong>, Premio de Televisi\u00f3n 1991, otorgado por el C\u00edrculo de Cr\u00edticos de Arte, Premio del Consejo Nacional de Televisi\u00f3n en la categor\u00eda programa cultural. Ha<span style=\"font-family: var( --e-global-typography-text-font-family ), Sans-serif;\"><span style=\"color: var( --e-global-color-text ); font-size: 1rem;\">&nbsp;participado en <strong>\u00abAl Sur del Mundo\u00bb<\/strong>,&nbsp;<\/span><\/span>serie<span style=\"font-family: var( --e-global-typography-text-font-family ), Sans-serif;\"><span style=\"color: var( --e-global-color-text ); font-size: 1rem;\">&nbsp;de documentales bioculturales de larga <\/span><\/span>duraci\u00f3n<span style=\"font-family: var( --e-global-typography-text-font-family ), Sans-serif;\"><span style=\"color: var( --e-global-color-text ); font-size: 1rem;\">&nbsp; para televisi\u00f3n, su labor incluy\u00f3 direcci\u00f3n, guion e investigaci\u00f3n en cap\u00edtulos &nbsp;<strong>\u00abLos colonos del Lago O&#8217;Higgins, 50 a\u00f1os despu\u00e9s\u00bb<\/strong>, <strong>\u00abHabitantes del extremo meridional de Tierra del Fuego\u00bb<\/strong>, <strong>\u00abEl Mar de los Yamanas\u00bb<\/strong> y <strong>\u00abLos arrieros del Caj\u00f3n del Melado\u00bb<\/strong>. Dirigi\u00f3 la serie documental de ciencia y antropolog\u00eda m\u00e9dica para televisi\u00f3n <strong>\u00abEl hombre al Desnudo\u00bb<\/strong>, &nbsp;nueve cap\u00edtulos de larga duraci\u00f3n. Dirigi\u00f3 10 reportajes para la serie de televisi\u00f3n sobre ciencia, <strong>\u00abEnlaces\u00bb<\/strong>. <\/span><\/span><\/p>\n<p><span style=\"font-family: var( --e-global-typography-text-font-family ), Sans-serif;\"><span style=\"color: var( --e-global-color-text ); font-size: 1rem;\">Durante 14 a\u00f1os desempe\u00f1\u00f3 labores en el <\/span><\/span>\u00e1mbito de la<span style=\"font-family: var( --e-global-typography-text-font-family ), Sans-serif;\"><span style=\"color: var( --e-global-color-text ); font-size: 1rem;\"> pol\u00edtica p\u00fablica, en el \u00e1rea de gesti\u00f3n para la conservaci\u00f3n de territorios fiscales con alto valor en Biodiversidad en 16 regiones de Chile. La \u00faltima d\u00e9cada, ha desarrollado documentales en formatos de medio metraje, m\u00e1s de 50 cortos y micro documentales para ocho series web difundidas por redes sociales. Por \u00faltimo, entre 2019 y 2022 cre\u00f3 e <\/span><\/span>implement\u00f3 la estrategia, los planes anuales <span style=\"font-family: var( --e-global-typography-text-font-family ), Sans-serif;\"><span style=\"color: var( --e-global-color-text ); font-size: 1rem;\">de comunicaci\u00f3n y edit\u00f3 los mensajes dirigidos a stakeholders y audiencias generales del proyecto GEF Monta\u00f1a.&nbsp;<\/span><\/span><\/p>\t\t\t\t\t\t<\/div>\n\t\t\t\t<\/div>\n\t\t\t\t<div class=\"elementor-element elementor-element-4efd8a1 elementor-widget elementor-widget-spacer\" data-id=\"4efd8a1\" data-element_type=\"widget\" data-widget_type=\"spacer.default\">\n\t\t\t\t<div class=\"elementor-widget-container\">\n\t\t\t\t\t<div class=\"elementor-spacer\">\n\t\t\t<div class=\"elementor-spacer-inner\"><\/div>\n\t\t<\/div>\n\t\t\t\t<\/div>\n\t\t\t\t<\/div>\n\t\t\t\t\t<\/div>\n\t\t<\/div>\n\t\t\t\t\t\t\t<\/div>\n\t\t<\/section>\n\t\t\t\t<section class=\"elementor-section elementor-top-section elementor-element elementor-element-a442eec elementor-section-boxed elementor-section-height-default elementor-section-height-default wpr-particle-no wpr-jarallax-no wpr-parallax-no wpr-sticky-section-no\" data-id=\"a442eec\" data-element_type=\"section\">\n\t\t\t\t\t\t<div class=\"elementor-container elementor-column-gap-default\">\n\t\t\t\t\t<div class=\"elementor-column elementor-col-100 elementor-top-column elementor-element elementor-element-b56e7b3\" data-id=\"b56e7b3\" data-element_type=\"column\">\n\t\t\t<div class=\"elementor-widget-wrap\">\n\t\t\t\t\t\t\t\t\t<\/div>\n\t\t<\/div>\n\t\t\t\t\t\t\t<\/div>\n\t\t<\/section>\n\t\t\t\t\t\t\t<\/div>\n\t\t","protected":false},"excerpt":{"rendered":"<p>Quienes somos En Conconfilm creamos relatos que \u00a0conmueven y transmiten conocimientos a audiencias generales. Utilizamos t\u00e9cnicas audiovisuales, de ilustraci\u00f3n, animaci\u00f3n, dise\u00f1o, m\u00fasica y edici\u00f3n de textos para contar historias que capturen la atenci\u00f3n de los espectadores y permitan comprender la complejidad del planeta donde habitamos, las interrelaciones entre los seres vivos y su entorno, as\u00ed [&hellip;]<\/p>\n","protected":false},"author":1,"featured_media":0,"parent":0,"menu_order":0,"comment_status":"closed","ping_status":"closed","template":"elementor_canvas","meta":{"footnotes":""},"class_list":["post-519","page","type-page","status-publish","hentry"],"_links":{"self":[{"href":"https:\/\/conconfilm.cl\/index.php?rest_route=\/wp\/v2\/pages\/519","targetHints":{"allow":["GET"]}}],"collection":[{"href":"https:\/\/conconfilm.cl\/index.php?rest_route=\/wp\/v2\/pages"}],"about":[{"href":"https:\/\/conconfilm.cl\/index.php?rest_route=\/wp\/v2\/types\/page"}],"author":[{"embeddable":true,"href":"https:\/\/conconfilm.cl\/index.php?rest_route=\/wp\/v2\/users\/1"}],"replies":[{"embeddable":true,"href":"https:\/\/conconfilm.cl\/index.php?rest_route=%2Fwp%2Fv2%2Fcomments&post=519"}],"version-history":[{"count":201,"href":"https:\/\/conconfilm.cl\/index.php?rest_route=\/wp\/v2\/pages\/519\/revisions"}],"predecessor-version":[{"id":3036,"href":"https:\/\/conconfilm.cl\/index.php?rest_route=\/wp\/v2\/pages\/519\/revisions\/3036"}],"wp:attachment":[{"href":"https:\/\/conconfilm.cl\/index.php?rest_route=%2Fwp%2Fv2%2Fmedia&parent=519"}],"curies":[{"name":"wp","href":"https:\/\/api.w.org\/{rel}","templated":true}]}}